{"id":130,"date":"2022-06-20T06:53:54","date_gmt":"2022-06-20T06:53:54","guid":{"rendered":"https:\/\/sfdelegation78.fr\/?page_id=130"},"modified":"2022-06-20T07:20:52","modified_gmt":"2022-06-20T07:20:52","slug":"jeunes-de-bougival-et-de-la-celle-saint-cloud-au-musee-de-lair","status":"publish","type":"page","link":"https:\/\/sfdelegation78.fr\/?page_id=130","title":{"rendered":"Jeunes de Bougival et de La Celle Saint-Cloud\u00a0 au mus\u00e9e de l&rsquo;air et de l&rsquo;espace"},"content":{"rendered":"\n<p><strong>30 Jeunes de Bougival et de La Celle Saint-Cloud&nbsp; invit\u00e9s au Mus\u00e9e de l\u2019Air et de l\u2019Espace avec le&nbsp; \u00ab&nbsp;Club des Jeunes du<\/strong><strong> <\/strong><strong>Souvenir&nbsp;\u00bb<\/strong><strong><\/strong><\/p>\n\n\n\n<p><strong>Mercredi 20 Avril le Comit\u00e9 du Souvenir Fran\u00e7ais a organis\u00e9 cette visite d\u00e9di\u00e9e aux jeunes en \u00e2ge scolaire, en partenariat avec la Mairie de Bougival&nbsp; qui a fourni la logistique pour se rendre au Bourget.<\/strong><\/p>\n\n\n\n<p><strong>Cette visite s\u2019est d\u00e9roul\u00e9e sous la conduite de l\u2019amiral Patrick Harmand, r\u00e9sidant \u00e0 La Celle Saint-Cloud et pilote de l\u2019a\u00e9ronavale.<\/strong><\/p>\n\n\n\n<p><strong>Sa connaissance du domaine de l\u2019aviation, de l\u2019avion de Bl\u00e9riot au Concorde, en passant par le Mirage IV et le Rafale, son v\u00e9cu tel que l\u2019appontage de nuit sur le Charles de Gaulle ont \u00e9merveill\u00e9 les jeunes participants.<\/strong><\/p>\n\n\n\n<p><strong>L\u2019apr\u00e8s midi s\u2019est termin\u00e9 par la visite du Concorde&nbsp; et la partie de l\u2019exposition consacr\u00e9e \u00e0 l\u2019espace.<\/strong><\/p>\n\n\n\n<p><strong>D\u2019autres visites suivront.&nbsp;:<\/strong><\/p>\n\n\n\n<p><strong> &#8211; Mus\u00e9e de la Grande Guerre \u00e0 Meaux<\/strong><\/p>\n\n\n\n<p><strong>&nbsp;&nbsp;&#8211; Rendez vous avec la Patrouille de France<\/strong><\/p>\n\n\n<div class=\"wp-block-image is-style-rounded\">\n<figure class=\"aligncenter size-full is-resized\"><a href=\"https:\/\/rambouillet.sfdelegation78.fr\/wp-content\/uploads\/2022\/06\/patrouille-de-france.jpg\"><img decoding=\"async\" src=\"https:\/\/i0.wp.com\/rambouillet.sfdelegation78.fr\/wp-content\/uploads\/2022\/06\/patrouille-de-france.jpg?fit=944%2C630&amp;ssl=1\" alt=\"\" class=\"wp-image-137\" width=\"399\" srcset=\"https:\/\/sfdelegation78.fr\/wp-content\/uploads\/2022\/06\/patrouille-de-france.jpg 944w, https:\/\/sfdelegation78.fr\/wp-content\/uploads\/2022\/06\/patrouille-de-france-300x200.jpg 300w, https:\/\/sfdelegation78.fr\/wp-content\/uploads\/2022\/06\/patrouille-de-france-768x513.jpg 768w, https:\/\/sfdelegation78.fr\/wp-content\/uploads\/2022\/06\/patrouille-de-france-676x451.jpg 676w\" sizes=\"(max-width: 944px) 100vw, 944px\" \/><\/a><figcaption>Patrouille de france<\/figcaption><\/figure><\/div>\n\n\n<p><strong>Club des Jeunes du Souvenir&nbsp;: de 10 \u00e0 24 ans, adh\u00e9sion gratuite<\/strong><\/p>\n\n\n\n<p><strong>Renseignements&nbsp;:<\/strong><\/p>\n\n\n\n<p><strong>Souvenir Fran\u00e7ais&nbsp;: Comit\u00e9 La Celle Saint-Cloud -Bougival.<\/strong><\/p>\n\n\n\n<p><strong>Club des Jeunes du Souvenir<\/strong><\/p>\n\n\n\n<p><a href=\"mailto:jean-paulguillaume@sfr.fr\"><strong>jean-paulguillaume@sfr.fr<\/strong><\/a><strong> &#8211; 06 61 07 50 55.<\/strong><\/p>\n","protected":false},"excerpt":{"rendered":"<p>30 Jeunes de Bougival et de La Celle Saint-Cloud&nbsp; invit\u00e9s au Mus\u00e9e de l\u2019Air et de l\u2019Espace avec le&nbsp; \u00ab&nbsp;Club des Jeunes du Souvenir&nbsp;\u00bb Mercredi 20 Avril le Comit\u00e9 du Souvenir Fran\u00e7ais a organis\u00e9 cette visite d\u00e9di\u00e9e aux jeunes en \u00e2ge scolaire, en partenariat avec la Mairie de Bougival&nbsp; qui a fourni la logistique pour se rendre au Bourget. Cette visite s\u2019est d\u00e9roul\u00e9e sous la conduite de l\u2019amiral Patrick Harmand, r\u00e9sidant \u00e0 La Celle Saint-Cloud et pilote de l\u2019a\u00e9ronavale. Sa connaissance du domaine de l\u2019aviation, de l\u2019avion de Bl\u00e9riot au Concorde, en passant par le Mirage IV et le Rafale, son v\u00e9cu tel que l\u2019appontage de nuit sur le Charles de Gaulle ont \u00e9merveill\u00e9 les jeunes participants. L\u2019apr\u00e8s midi s\u2019est termin\u00e9 par la visite du Concorde&nbsp; et la partie de l\u2019exposition consacr\u00e9e \u00e0 l\u2019espace. D\u2019autres visites suivront.&nbsp;: &#8211; Mus\u00e9e de la Grande Guerre \u00e0 Meaux &nbsp;&nbsp;&#8211; Rendez vous avec la Patrouille de France Club des Jeunes du Souvenir&nbsp;: de 10 \u00e0 24 ans, adh\u00e9sion gratuite Renseignements&nbsp;: Souvenir Fran\u00e7ais&nbsp;: Comit\u00e9 La Celle Saint-Cloud -Bougival. Club des Jeunes du Souvenir jean-paulguillaume@sfr.fr &#8211; 06 61 07 50 55.<\/p>\n","protected":false},"author":1,"featured_media":152,"parent":0,"menu_order":0,"comment_status":"closed","ping_status":"closed","template":"","meta":{"ngg_post_thumbnail":0},"_links":{"self":[{"href":"https:\/\/sfdelegation78.fr\/index.php?rest_route=\/wp\/v2\/pages\/130"}],"collection":[{"href":"https:\/\/sfdelegation78.fr\/index.php?rest_route=\/wp\/v2\/pages"}],"about":[{"href":"https:\/\/sfdelegation78.fr\/index.php?rest_route=\/wp\/v2\/types\/page"}],"author":[{"embeddable":true,"href":"https:\/\/sfdelegation78.fr\/index.php?rest_route=\/wp\/v2\/users\/1"}],"replies":[{"embeddable":true,"href":"https:\/\/sfdelegation78.fr\/index.php?rest_route=%2Fwp%2Fv2%2Fcomments&post=130"}],"version-history":[{"count":11,"href":"https:\/\/sfdelegation78.fr\/index.php?rest_route=\/wp\/v2\/pages\/130\/revisions"}],"predecessor-version":[{"id":154,"href":"https:\/\/sfdelegation78.fr\/index.php?rest_route=\/wp\/v2\/pages\/130\/revisions\/154"}],"wp:featuredmedia":[{"embeddable":true,"href":"https:\/\/sfdelegation78.fr\/index.php?rest_route=\/wp\/v2\/media\/152"}],"wp:attachment":[{"href":"https:\/\/sfdelegation78.fr\/index.php?rest_route=%2Fwp%2Fv2%2Fmedia&parent=130"}],"curies":[{"name":"wp","href":"https:\/\/api.w.org\/{rel}","templated":true}]}}