{"id":3,"date":"2022-05-06T15:35:23","date_gmt":"2022-05-06T15:35:23","guid":{"rendered":"https:\/\/xn--dlgation78souvenirfr-b2bb.live-website.com\/?page_id=3"},"modified":"2022-05-10T16:56:32","modified_gmt":"2022-05-10T16:56:32","slug":"privacy-policy","status":"publish","type":"page","link":"https:\/\/sfdelegation78.fr\/?page_id=3","title":{"rendered":"Mentions l\u00e9gales"},"content":{"rendered":"\n<p><strong>SOCI\u00c9T\u00c9 PROPRI\u00c9TAIRE DU SITE<\/strong><\/p>\n\n\n\n<p>D\u00e9l\u00e9gation 78 du Souvenir Fran\u00e7ais\u00a0<\/p>\n\n\n\n<p>\u00a0\u00a0\u00a0\u00a0\u00a0\u00a0\u00a0\u00a0<\/p>\n\n\n\n<p><strong>R\u00c9ALISATION &amp; CONCEPTION<\/strong><\/p>\n\n\n\n<p>Le site a \u00e9t\u00e9 r\u00e9alis\u00e9 par Eric Oger, tous droits r\u00e9serv\u00e9s :<\/p>\n\n\n\n<p>Adresse : 1 rue des Bouilleurs 28500 Vernouillet<\/p>\n\n\n\n<p>Tel : 06 09 89 68 82<\/p>\n\n\n\n<p>Adresse mail : <a href=\"mailto:oger.eric57@gmail.com\">oger.eric57@gmail.com<\/a><\/p>\n\n\n\n<p>Site : <a href=\"https:\/\/eric-oger.com\/webmaster\/\" target=\"_blank\" rel=\"noreferrer noopener\">www.eric-oger.com<\/a><\/p>\n\n\n\n<p><strong>IONOS<\/strong><\/p>\n\n\n\n<figure class=\"wp-block-embed\"><div class=\"wp-block-embed__wrapper\">\nhttps:\/\/www.ionos.fr\/\n<\/div><\/figure>\n\n\n\n<p>T\u00e9l&nbsp;: 0970808911<\/p>\n\n\n\n<p><strong>DROITS D&rsquo;AUTEURS<\/strong><\/p>\n\n\n\n<p>En application du Code fran\u00e7ais de la Propri\u00e9t\u00e9 Intellectuelle et, plus g\u00e9n\u00e9ralement, des trait\u00e9s et accords internationaux comportant des dispositions relatives \u00e0 la protection des droits d&rsquo;auteurs, vous vous interdirez de reproduire pour un usage autre que priv\u00e9 mais aussi de vendre, distribuer, \u00e9mettre, diffuser, adapter, modifier, publier, communiquer int\u00e9gralement ou partiellement, sous quelque forme que ce soit, les donn\u00e9es, la pr\u00e9sentation ou l&rsquo;organisation du site sans notre autorisation \u00e9crite pr\u00e9alable.<\/p>\n\n\n\n<p><strong>L\u00c9GISLATION FRAN\u00c7AISE RELATIVE AU DROIT D&rsquo;ACC\u00c8S AU FICHIER INFORMATIS\u00c9<\/strong><\/p>\n\n\n\n<p>Conform\u00e9ment \u00e0 la loi fran\u00e7aise N\u00b7 78-17 du 6 janvier 1978 relative \u00e0 l&rsquo;informatique, aux fichiers et aux libert\u00e9s (CNIL), tout utilisateur ayant d\u00e9pos\u00e9 sur ce site des informations directement ou indirectement nominatives, peut demander la communication des informations nominatives le concernant en s&rsquo;adressant \u00e0 nous et les faire rectifier le cas \u00e9ch\u00e9ant.<\/p>\n\n\n\n<p><strong>D\u00c9CHARGE DE RESPONSABILIT\u00c9<\/strong><\/p>\n\n\n\n<p>Alors que nous avons effectu\u00e9 toutes les d\u00e9marches pour nous assurer de la fiabilit\u00e9 des informations contenues sur ce site internet, Nous ne pouvons encourir aucune responsabilit\u00e9 du fait d&rsquo;erreurs, d&rsquo;omissions, ou pour les r\u00e9sultats qui pourraient \u00eatre obtenus par l&rsquo;usage de ces informations. Nous ne pouvons \u00eatre tenu que d&rsquo;une obligation de moyens concernant les informations qu&rsquo;il met \u00e0 disposition des personnes qui acc\u00e8dent \u00e0 son site internet. Par ailleurs, l&rsquo;usage de liens hypertextes peut conduire votre consultation de notre site vers d&rsquo;autres serveurs, serveurs sur lesquels nous n&rsquo;avons aucun contr\u00f4le.<\/p>\n\n\n\n<p><strong>ACC\u00c8S AU SITE INTERNET<\/strong><\/p>\n\n\n\n<p>L&rsquo;acc\u00e8s au Site est possible 24 heures sur 24, 7 jours sur 7, sauf en cas de force majeure ou d&rsquo;un \u00e9v\u00e9nement hors du contr\u00f4le de notre contr\u00f4le et sous r\u00e9serve des \u00e9ventuelles pannes et interventions de maintenance n\u00e9cessaires au bon fonctionnement du Site et des mat\u00e9riels aff\u00e9rents. L&rsquo;acc\u00e8s au service se fait \u00e0 partir d&rsquo;un micro-ordinateur connect\u00e9 \u00e0 un r\u00e9seau de t\u00e9l\u00e9communication permettant l&rsquo;acc\u00e8s au Site selon les protocoles de communication utilis\u00e9s sur le r\u00e9seau d&rsquo;Internet.<\/p>\n\n\n\n<p>Derni\u00e8re mise \u00e0 Jour : 30\/04\/2020<\/p>\n\n\n\n<p><strong>GOOGLE ANALYTICS<\/strong><\/p>\n\n\n\n<p>Ce site utilise Google Analytics, un service d&rsquo;analyse de site internet fourni par Google Inc. (\u00ab Google \u00bb). Google Analytics utilise des cookies , qui sont des fichiers texte plac\u00e9s sur votre ordinateur, pour aider le site internet \u00e0 analyser l&rsquo;utilisation du site par ses utilisateurs. Les donn\u00e9es g\u00e9n\u00e9r\u00e9es par les cookies concernant votre utilisation du site (y compris votre adresse IP) seront transmises et stock\u00e9es par Google sur des serveurs situ\u00e9s aux \u00c9tats-Unis. Google utilisera cette information dans le but d&rsquo;\u00e9valuer votre utilisation du site, de compiler des rapports sur l&rsquo;activit\u00e9 du site \u00e0 destination de son \u00e9diteur et de fournir d&rsquo;autres services relatifs \u00e0 l&rsquo;activit\u00e9 du site et \u00e0 l&rsquo;utilisation d&rsquo;Internet. Google est susceptible de communiquer ces donn\u00e9es \u00e0 des tiers en cas d&rsquo;obligation l\u00e9gale ou lorsque ces tiers traitent ces donn\u00e9es pour le compte de Google, y compris notamment l&rsquo;\u00e9diteur de ce site. Google ne recoupera pas votre adresse IP avec toute autre donn\u00e9e d\u00e9tenue par Google. Vous pouvez d\u00e9sactiver l&rsquo;utilisation de cookies en s\u00e9lectionnant les param\u00e8tres appropri\u00e9s de votre navigateur. Cependant, une telle d\u00e9sactivation pourrait emp\u00eacher l&rsquo;utilisation de certaines fonctionnalit\u00e9s de ce site. En utilisant ce site internet, vous consentez express\u00e9ment au traitement de vos donn\u00e9es nominatives par Google dans les conditions et pour les finalit\u00e9s d\u00e9crites ci-dessus.<\/p>\n","protected":false},"excerpt":{"rendered":"<p>SOCI\u00c9T\u00c9 PROPRI\u00c9TAIRE DU SITE D\u00e9l\u00e9gation 78 du Souvenir Fran\u00e7ais\u00a0 \u00a0\u00a0\u00a0\u00a0\u00a0\u00a0\u00a0\u00a0 R\u00c9ALISATION &amp; CONCEPTION Le site a \u00e9t\u00e9 r\u00e9alis\u00e9 par Eric Oger, tous droits r\u00e9serv\u00e9s : Adresse : 1 rue des Bouilleurs 28500 Vernouillet Tel : 06 09 89 68 82 Adresse mail : oger.eric57@gmail.com Site : www.eric-oger.com IONOS T\u00e9l&nbsp;: 0970808911 DROITS D&rsquo;AUTEURS En application du Code fran\u00e7ais de la Propri\u00e9t\u00e9 Intellectuelle et, plus g\u00e9n\u00e9ralement, des trait\u00e9s et accords internationaux comportant des dispositions relatives \u00e0 la protection des droits d&rsquo;auteurs, vous vous interdirez de reproduire pour un usage autre que priv\u00e9 mais aussi de vendre, distribuer, \u00e9mettre, diffuser, adapter, modifier, publier, communiquer int\u00e9gralement ou partiellement, sous quelque forme que ce soit, les donn\u00e9es, la pr\u00e9sentation ou l&rsquo;organisation du site sans notre autorisation \u00e9crite pr\u00e9alable. L\u00c9GISLATION FRAN\u00c7AISE RELATIVE AU DROIT D&rsquo;ACC\u00c8S AU FICHIER INFORMATIS\u00c9 Conform\u00e9ment \u00e0 la loi fran\u00e7aise N\u00b7 78-17 du 6 janvier 1978 relative \u00e0 l&rsquo;informatique, aux fichiers et aux libert\u00e9s (CNIL), tout utilisateur ayant d\u00e9pos\u00e9 sur ce site des informations directement ou indirectement nominatives, peut demander la communication des informations nominatives le concernant en s&rsquo;adressant \u00e0 nous et les faire rectifier le cas \u00e9ch\u00e9ant. D\u00c9CHARGE DE RESPONSABILIT\u00c9 Alors que nous avons effectu\u00e9 toutes les d\u00e9marches pour nous assurer de la fiabilit\u00e9 des informations contenues sur ce site internet, Nous ne pouvons encourir aucune responsabilit\u00e9 du fait d&rsquo;erreurs, d&rsquo;omissions, ou pour les r\u00e9sultats qui pourraient \u00eatre obtenus par l&rsquo;usage de ces informations. Nous ne pouvons \u00eatre tenu que d&rsquo;une obligation de moyens concernant les informations qu&rsquo;il met \u00e0 disposition des personnes qui acc\u00e8dent \u00e0 son site internet. Par ailleurs, l&rsquo;usage de liens hypertextes peut conduire votre consultation de notre site vers d&rsquo;autres serveurs, serveurs sur lesquels nous n&rsquo;avons aucun contr\u00f4le. ACC\u00c8S AU SITE INTERNET L&rsquo;acc\u00e8s au Site est possible 24 heures sur 24, 7 jours sur 7, sauf en cas de force majeure ou d&rsquo;un \u00e9v\u00e9nement hors du contr\u00f4le de notre contr\u00f4le et sous r\u00e9serve des \u00e9ventuelles pannes et interventions de maintenance n\u00e9cessaires au bon fonctionnement du Site et des mat\u00e9riels aff\u00e9rents. L&rsquo;acc\u00e8s au service se fait \u00e0 partir d&rsquo;un micro-ordinateur connect\u00e9 \u00e0 un r\u00e9seau de t\u00e9l\u00e9communication permettant l&rsquo;acc\u00e8s au Site selon les protocoles de communication utilis\u00e9s sur le r\u00e9seau d&rsquo;Internet. Derni\u00e8re mise \u00e0 Jour : 30\/04\/2020 GOOGLE ANALYTICS Ce site utilise Google Analytics, un service d&rsquo;analyse de site internet fourni par Google Inc. (\u00ab Google \u00bb). Google Analytics utilise des cookies , qui sont des fichiers texte plac\u00e9s sur votre ordinateur, pour aider le site internet \u00e0 analyser l&rsquo;utilisation du site par ses utilisateurs. Les donn\u00e9es g\u00e9n\u00e9r\u00e9es par les cookies concernant votre utilisation du site (y compris votre adresse IP) seront transmises et stock\u00e9es par Google sur des serveurs situ\u00e9s aux \u00c9tats-Unis. Google utilisera cette information dans le but d&rsquo;\u00e9valuer votre utilisation du site, de compiler des rapports sur l&rsquo;activit\u00e9 du site \u00e0 destination de son \u00e9diteur et de fournir d&rsquo;autres services relatifs \u00e0 l&rsquo;activit\u00e9 du site et \u00e0 l&rsquo;utilisation d&rsquo;Internet. Google est susceptible de communiquer ces donn\u00e9es \u00e0 des tiers en cas d&rsquo;obligation l\u00e9gale ou lorsque ces tiers traitent ces donn\u00e9es pour le compte de Google, y compris notamment l&rsquo;\u00e9diteur de ce site. Google ne recoupera pas votre adresse IP avec toute autre donn\u00e9e d\u00e9tenue par Google. Vous pouvez d\u00e9sactiver l&rsquo;utilisation de cookies en s\u00e9lectionnant les param\u00e8tres appropri\u00e9s de votre navigateur. Cependant, une telle d\u00e9sactivation pourrait emp\u00eacher l&rsquo;utilisation de certaines fonctionnalit\u00e9s de ce site. En utilisant ce site internet, vous consentez express\u00e9ment au traitement de vos donn\u00e9es nominatives par Google dans les conditions et pour les finalit\u00e9s d\u00e9crites ci-dessus.<\/p>\n","protected":false},"author":1,"featured_media":0,"parent":0,"menu_order":0,"comment_status":"closed","ping_status":"open","template":"","meta":{"ngg_post_thumbnail":0},"_links":{"self":[{"href":"https:\/\/sfdelegation78.fr\/index.php?rest_route=\/wp\/v2\/pages\/3"}],"collection":[{"href":"https:\/\/sfdelegation78.fr\/index.php?rest_route=\/wp\/v2\/pages"}],"about":[{"href":"https:\/\/sfdelegation78.fr\/index.php?rest_route=\/wp\/v2\/types\/page"}],"author":[{"embeddable":true,"href":"https:\/\/sfdelegation78.fr\/index.php?rest_route=\/wp\/v2\/users\/1"}],"replies":[{"embeddable":true,"href":"https:\/\/sfdelegation78.fr\/index.php?rest_route=%2Fwp%2Fv2%2Fcomments&post=3"}],"version-history":[{"count":1,"href":"https:\/\/sfdelegation78.fr\/index.php?rest_route=\/wp\/v2\/pages\/3\/revisions"}],"predecessor-version":[{"id":13,"href":"https:\/\/sfdelegation78.fr\/index.php?rest_route=\/wp\/v2\/pages\/3\/revisions\/13"}],"wp:attachment":[{"href":"https:\/\/sfdelegation78.fr\/index.php?rest_route=%2Fwp%2Fv2%2Fmedia&parent=3"}],"curies":[{"name":"wp","href":"https:\/\/api.w.org\/{rel}","templated":true}]}}