{"id":91,"date":"2022-05-17T09:45:57","date_gmt":"2022-05-17T09:45:57","guid":{"rendered":"https:\/\/sfdelegation78.fr\/?page_id=91"},"modified":"2022-11-21T17:12:38","modified_gmt":"2022-11-21T17:12:38","slug":"8-mai-a-rambouillet","status":"publish","type":"page","link":"https:\/\/sfdelegation78.fr\/?page_id=91","title":{"rendered":"8 mai \u00e0 Rambouillet"},"content":{"rendered":"\n<p><\/p>\n\n\n\n<p>Dimanche 8 mai dernier se sont d\u00e9roul\u00e9es \u00e0 Rambouillet les c\u00e9r\u00e9monies en m\u00e9moire de la fin de la Seconde Guerre mondiale et de ses combattants.<\/p>\n\n\n\n<p>Le comit\u00e9 de Rambouillet \u00e9tait activement pr\u00e9sent d\u00e8s 8h30 au pied de la st\u00e8le d\u00e9di\u00e9e au Mar\u00e9chal Leclerc avant de se rendre \u00e0 l\u2019\u00e9cole Gambetta afin d\u2019honor\u00e9 Louis Bascan, ancien directeur et r\u00e9sistant mort \u00e0 Buchenwald en 1944.<\/p>\n\n\n\n<p>Les comm\u00e9morations se sont poursuivies par l\u2019honneur rendu \u00e0 Jean Moulin \u00e0 la st\u00e8le rue Louis Leblanc puis au monument du Mar\u00e9chal de Lattre o\u00f9 une premi\u00e8re couronne du Souvenir Fran\u00e7ais a \u00e9t\u00e9 d\u00e9pos\u00e9e au titre de notre convention avec l\u2019association Rhin et Danube et de la fid\u00e9lit\u00e9 due aux anciens de la 1<sup>\u00e8re<\/sup> arm\u00e9e.<\/p>\n\n\n\n<p>Puis ce fut l\u2019hommage au monument am\u00e9ricain avant que toutes les d\u00e9l\u00e9gations se retrouvent au monument aux morts place Thome-Patenotre o\u00f9 le Souvenir Fran\u00e7ais a, l\u00e0 encore, d\u00e9pos\u00e9 une couronne, honorant ainsi la m\u00e9moire de tous ceux qui sont morts pour la France lors de la Seconde Guerre Mondiale.<\/p>\n\n\n\n<p>La journ\u00e9e a \u00e9galement \u00e9t\u00e9 marqu\u00e9e par la participation d\u2019un nouveau porte-drapeau pour le Souvenir Fran\u00e7ais&nbsp;: Ana\u00efs, \u00e9tudiant en droit de 19 ans qui \u00e9tait tr\u00e8s fi\u00e8re et honor\u00e9e de s\u2019investir au sein du comit\u00e9 de Rambouillet. Son action a \u00e9t\u00e9 salu\u00e9e par Madame Matillon, Maire de Rambouillet et Madame GHILBERT, Sous-pr\u00e9f\u00e8te de Rambouillet lors du salut aux porte-drapeaux et aux d\u00e9l\u00e9gations.<\/p>\n\n\n\n<p>Qu\u2019elle soit remerci\u00e9e de son engagement&nbsp;!<\/p>\n\n\nngg_shortcode_0_placeholder\n\n\n\n<p><\/p>\n","protected":false},"excerpt":{"rendered":"<p>Dimanche 8 mai dernier se sont d\u00e9roul\u00e9es \u00e0 Rambouillet les c\u00e9r\u00e9monies en m\u00e9moire de la fin de la Seconde Guerre mondiale et de ses combattants. Le comit\u00e9 de Rambouillet \u00e9tait activement pr\u00e9sent d\u00e8s 8h30 au pied de la st\u00e8le d\u00e9di\u00e9e au Mar\u00e9chal Leclerc avant de se rendre \u00e0 l\u2019\u00e9cole Gambetta afin d\u2019honor\u00e9 Louis Bascan, ancien directeur et r\u00e9sistant mort \u00e0 Buchenwald en 1944. Les comm\u00e9morations se sont poursuivies par l\u2019honneur rendu \u00e0 Jean Moulin \u00e0 la st\u00e8le rue Louis Leblanc puis au monument du Mar\u00e9chal de Lattre o\u00f9 une premi\u00e8re couronne du Souvenir Fran\u00e7ais a \u00e9t\u00e9 d\u00e9pos\u00e9e au titre de notre convention avec l\u2019association Rhin et Danube et de la fid\u00e9lit\u00e9 due aux anciens de la 1\u00e8re arm\u00e9e. Puis ce fut l\u2019hommage au monument am\u00e9ricain avant que toutes les d\u00e9l\u00e9gations se retrouvent au monument aux morts place Thome-Patenotre o\u00f9 le Souvenir Fran\u00e7ais a, l\u00e0 encore, d\u00e9pos\u00e9 une couronne, honorant ainsi la m\u00e9moire de tous ceux qui sont morts pour la France lors de la Seconde Guerre Mondiale. La journ\u00e9e a \u00e9galement \u00e9t\u00e9 marqu\u00e9e par la participation d\u2019un nouveau porte-drapeau pour le Souvenir Fran\u00e7ais&nbsp;: Ana\u00efs, \u00e9tudiant en droit de 19 ans qui \u00e9tait tr\u00e8s fi\u00e8re et honor\u00e9e de s\u2019investir au sein du comit\u00e9 de Rambouillet. Son action a \u00e9t\u00e9 salu\u00e9e par Madame Matillon, Maire de Rambouillet et Madame GHILBERT, Sous-pr\u00e9f\u00e8te de Rambouillet lors du salut aux porte-drapeaux et aux d\u00e9l\u00e9gations. Qu\u2019elle soit remerci\u00e9e de son engagement&nbsp;!<\/p>\n","protected":false},"author":1,"featured_media":0,"parent":0,"menu_order":0,"comment_status":"closed","ping_status":"closed","template":"","meta":{"ngg_post_thumbnail":0},"_links":{"self":[{"href":"https:\/\/sfdelegation78.fr\/index.php?rest_route=\/wp\/v2\/pages\/91"}],"collection":[{"href":"https:\/\/sfdelegation78.fr\/index.php?rest_route=\/wp\/v2\/pages"}],"about":[{"href":"https:\/\/sfdelegation78.fr\/index.php?rest_route=\/wp\/v2\/types\/page"}],"author":[{"embeddable":true,"href":"https:\/\/sfdelegation78.fr\/index.php?rest_route=\/wp\/v2\/users\/1"}],"replies":[{"embeddable":true,"href":"https:\/\/sfdelegation78.fr\/index.php?rest_route=%2Fwp%2Fv2%2Fcomments&post=91"}],"version-history":[{"count":2,"href":"https:\/\/sfdelegation78.fr\/index.php?rest_route=\/wp\/v2\/pages\/91\/revisions"}],"predecessor-version":[{"id":121,"href":"https:\/\/sfdelegation78.fr\/index.php?rest_route=\/wp\/v2\/pages\/91\/revisions\/121"}],"wp:attachment":[{"href":"https:\/\/sfdelegation78.fr\/index.php?rest_route=%2Fwp%2Fv2%2Fmedia&parent=91"}],"curies":[{"name":"wp","href":"https:\/\/api.w.org\/{rel}","templated":true}]}}